{"id":31349,"date":"2020-10-26T19:20:56","date_gmt":"2021-11-30T19:39:10","guid":{"rendered":"https:\/\/ovocinarhrehor.sk\/?post_type=product&#038;p=31349"},"modified":"2021-11-30T20:39:10","modified_gmt":"2021-11-30T19:39:10","slug":"wine-from-rosehip-maria-theresa-ice-barrique-medium-2015","status":"publish","type":"product","link":"https:\/\/ovocinarhrehor.sk\/en\/product\/wine-from-rosehip-maria-theresa-ice-barrique-medium-2015\/","title":{"rendered":"Wine from rosehip \u201cMaria Theresa\u201d, ice barrique medium, 2015"},"content":{"rendered":"<p>Has the color of dark caramel with orange meniscus, scent incredibly full and rich in overripe oranges, figs, coffee and vanilla pods, slightly smoky. The taste is full and intense, candied fruit with a hint of orange peels, vanilla, coffee, moschus ranging all the way to dark chocolate. Spicy fresh acidity complemented by the fruity characteristic of the residual sugars.<\/p>\n<p><strong>Total alcohol 14.7% vol.<\/strong><\/p>\n<p>Acids total 13.2 g \/ l<\/p>\n<p>Sugars 82.2 g \/ l<\/p>\n<p><strong>Contains sulphites E 202.<\/strong><\/p>\n<p>The photos were taken directly at the Stud Farm in Kop\u010dany, which was used by Maria Theresa. The stop is 5km from Castle Hol\u00ed\u010d, which served as her summer residence. The photographs use original artifacts from the time of this enlightened queen.<\/p>\n<p>As the second wine in this edition in honor of Maria Theresa 1717 \u2013 2017, who has played an important part in the development of fruit growing and landscaping of our country, we created this luxurious full-bodied wine for special occasions.<\/p>\n<p>\u201cBy the order of Maria Theresa, it was instructed to plant trees on alongside roads that led to the castle, the so called castle roads. Alongside these roads, long-living trees were planted to make it clear, which roads were important. Alongside roads of lesser importance and lower categories, farmers were permitted to plant fruit trees, so that later on both the farmers and marching armies could benefit from them and their fruit. Thus, Queen Maria Theresa, aided the development of pomiculture, planting of fruit trees as well as the creation of our beautiful landscape to which fruit trees have always belonged. \u201c<\/p>\n","protected":false},"excerpt":{"rendered":"<p>Branded fruit wine, icy, 5 years of maturing in an oak barrel barrique medium. Made from frozen rosehip, jan.feb. 2015 collection. Year 2015. 0.5l. Icy<\/p>\n","protected":false},"featured_media":30822,"template":"","meta":[],"product_cat":[251],"product_tag":[],"_links":{"self":[{"href":"https:\/\/ovocinarhrehor.sk\/en\/wp-json\/wp\/v2\/product\/31349"}],"collection":[{"href":"https:\/\/ovocinarhrehor.sk\/en\/wp-json\/wp\/v2\/product"}],"about":[{"href":"https:\/\/ovocinarhrehor.sk\/en\/wp-json\/wp\/v2\/types\/product"}],"wp:featuredmedia":[{"embeddable":true,"href":"https:\/\/ovocinarhrehor.sk\/en\/wp-json\/wp\/v2\/media\/30822"}],"wp:attachment":[{"href":"https:\/\/ovocinarhrehor.sk\/en\/wp-json\/wp\/v2\/media?parent=31349"}],"wp:term":[{"taxonomy":"product_cat","embeddable":true,"href":"https:\/\/ovocinarhrehor.sk\/en\/wp-json\/wp\/v2\/product_cat?post=31349"},{"taxonomy":"product_tag","embeddable":true,"href":"https:\/\/ovocinarhrehor.sk\/en\/wp-json\/wp\/v2\/product_tag?post=31349"}],"curies":[{"name":"wp","href":"https:\/\/api.w.org\/{rel}","templated":true}]}}