{"id":31901,"date":"2019-08-14T08:24:29","date_gmt":"2022-01-23T13:00:29","guid":{"rendered":"https:\/\/ovocinarhrehor.sk\/?post_type=product&#038;p=31901"},"modified":"2022-01-23T14:00:29","modified_gmt":"2022-01-23T13:00:29","slug":"apple-chocolate-fruit-wine-2016","status":"publish","type":"product","link":"https:\/\/ovocinarhrehor.sk\/en\/product\/apple-chocolate-fruit-wine-2016\/","title":{"rendered":"Apple \u2013 Chocolate fruit wine, 2016"},"content":{"rendered":"<p>Yellow, greenish color, scent of apples and dark chocolate, tastes sweet of apple compote.<\/p>\n<p>Another joint project with the spectacular company \u201cKr\u00e1lovsk\u00e1 \u010dokol\u00e1da\u201d (Kings Chocolate). An untradiotional, yet ample wine.<\/p>\n<p>Cheers friends!<\/p>\n","protected":false},"excerpt":{"rendered":"<p>0.75 l, Semi-sweet, Made from fermented cocoa beans<\/p>\n","protected":false},"featured_media":30295,"template":"","meta":[],"product_cat":[251],"product_tag":[],"_links":{"self":[{"href":"https:\/\/ovocinarhrehor.sk\/en\/wp-json\/wp\/v2\/product\/31901"}],"collection":[{"href":"https:\/\/ovocinarhrehor.sk\/en\/wp-json\/wp\/v2\/product"}],"about":[{"href":"https:\/\/ovocinarhrehor.sk\/en\/wp-json\/wp\/v2\/types\/product"}],"wp:featuredmedia":[{"embeddable":true,"href":"https:\/\/ovocinarhrehor.sk\/en\/wp-json\/wp\/v2\/media\/30295"}],"wp:attachment":[{"href":"https:\/\/ovocinarhrehor.sk\/en\/wp-json\/wp\/v2\/media?parent=31901"}],"wp:term":[{"taxonomy":"product_cat","embeddable":true,"href":"https:\/\/ovocinarhrehor.sk\/en\/wp-json\/wp\/v2\/product_cat?post=31901"},{"taxonomy":"product_tag","embeddable":true,"href":"https:\/\/ovocinarhrehor.sk\/en\/wp-json\/wp\/v2\/product_tag?post=31901"}],"curies":[{"name":"wp","href":"https:\/\/api.w.org\/{rel}","templated":true}]}}