{"id":35190,"date":"2023-06-09T18:28:44","date_gmt":"2023-06-12T12:02:16","guid":{"rendered":"https:\/\/ovocinarhrehor.sk\/?post_type=product&#038;p=35190"},"modified":"2023-06-12T13:02:16","modified_gmt":"2023-06-12T12:02:16","slug":"fruit-wine-cuvee-aronia-raspberries-and-red-currants-gaia","status":"publish","type":"product","link":"https:\/\/ovocinarhrehor.sk\/en\/product\/fruit-wine-cuvee-aronia-raspberries-and-red-currants-gaia\/","title":{"rendered":"FRUIT WINE cuv\u00e9e Aronia, Raspberries and Red Currants \u201eGAIA\u201c"},"content":{"rendered":"<p><img decoding=\"async\" loading=\"lazy\" class=\"alignnone  wp-image-34978\" src=\"https:\/\/ovocinarhrehor.sk\/wp-content\/uploads\/2023\/06\/DSC_0015-200x300.jpg\" alt=\"\" width=\"498\" height=\"747\" srcset=\"https:\/\/ovocinarhrehor.sk\/wp-content\/uploads\/2023\/06\/DSC_0015-200x300.jpg 200w, https:\/\/ovocinarhrehor.sk\/wp-content\/uploads\/2023\/06\/DSC_0015-768x1154.jpg 768w, https:\/\/ovocinarhrehor.sk\/wp-content\/uploads\/2023\/06\/DSC_0015-1022x1536.jpg 1022w, https:\/\/ovocinarhrehor.sk\/wp-content\/uploads\/2023\/06\/DSC_0015-1363x2048.jpg 1363w, https:\/\/ovocinarhrehor.sk\/wp-content\/uploads\/2023\/06\/DSC_0015-998x1500.jpg 998w, https:\/\/ovocinarhrehor.sk\/wp-content\/uploads\/2023\/06\/DSC_0015-469x705.jpg 469w, https:\/\/ovocinarhrehor.sk\/wp-content\/uploads\/2023\/06\/DSC_0015-450x676.jpg 450w, https:\/\/ovocinarhrehor.sk\/wp-content\/uploads\/2023\/06\/DSC_0015-500x751.jpg 500w, https:\/\/ovocinarhrehor.sk\/wp-content\/uploads\/2023\/06\/DSC_0015-700x1052.jpg 700w\" sizes=\"(max-width: 498px) 100vw, 498px\" \/> <img decoding=\"async\" loading=\"lazy\" class=\"alignnone  wp-image-34980\" src=\"https:\/\/ovocinarhrehor.sk\/wp-content\/uploads\/2023\/06\/DSC_0019-300x200.jpg\" alt=\"\" width=\"735\" height=\"490\" srcset=\"https:\/\/ovocinarhrehor.sk\/wp-content\/uploads\/2023\/06\/DSC_0019-300x200.jpg 300w, https:\/\/ovocinarhrehor.sk\/wp-content\/uploads\/2023\/06\/DSC_0019-1030x685.jpg 1030w, https:\/\/ovocinarhrehor.sk\/wp-content\/uploads\/2023\/06\/DSC_0019-768x511.jpg 768w, https:\/\/ovocinarhrehor.sk\/wp-content\/uploads\/2023\/06\/DSC_0019-1536x1022.jpg 1536w, https:\/\/ovocinarhrehor.sk\/wp-content\/uploads\/2023\/06\/DSC_0019-2048x1363.jpg 2048w, https:\/\/ovocinarhrehor.sk\/wp-content\/uploads\/2023\/06\/DSC_0019-1500x998.jpg 1500w, https:\/\/ovocinarhrehor.sk\/wp-content\/uploads\/2023\/06\/DSC_0019-705x469.jpg 705w, https:\/\/ovocinarhrehor.sk\/wp-content\/uploads\/2023\/06\/DSC_0019-450x299.jpg 450w, https:\/\/ovocinarhrehor.sk\/wp-content\/uploads\/2023\/06\/DSC_0019-500x333.jpg 500w, https:\/\/ovocinarhrehor.sk\/wp-content\/uploads\/2023\/06\/DSC_0019-700x466.jpg 700w\" sizes=\"(max-width: 735px) 100vw, 735px\" \/> <img decoding=\"async\" loading=\"lazy\" class=\"alignnone  wp-image-34982\" src=\"https:\/\/ovocinarhrehor.sk\/wp-content\/uploads\/2023\/06\/DSC_0023-200x300.jpg\" alt=\"\" width=\"497\" height=\"746\" srcset=\"https:\/\/ovocinarhrehor.sk\/wp-content\/uploads\/2023\/06\/DSC_0023-200x300.jpg 200w, https:\/\/ovocinarhrehor.sk\/wp-content\/uploads\/2023\/06\/DSC_0023-685x1030.jpg 685w, https:\/\/ovocinarhrehor.sk\/wp-content\/uploads\/2023\/06\/DSC_0023-768x1154.jpg 768w, https:\/\/ovocinarhrehor.sk\/wp-content\/uploads\/2023\/06\/DSC_0023-1022x1536.jpg 1022w, https:\/\/ovocinarhrehor.sk\/wp-content\/uploads\/2023\/06\/DSC_0023-1363x2048.jpg 1363w, https:\/\/ovocinarhrehor.sk\/wp-content\/uploads\/2023\/06\/DSC_0023-998x1500.jpg 998w, https:\/\/ovocinarhrehor.sk\/wp-content\/uploads\/2023\/06\/DSC_0023-469x705.jpg 469w, https:\/\/ovocinarhrehor.sk\/wp-content\/uploads\/2023\/06\/DSC_0023-450x676.jpg 450w, https:\/\/ovocinarhrehor.sk\/wp-content\/uploads\/2023\/06\/DSC_0023-500x751.jpg 500w, https:\/\/ovocinarhrehor.sk\/wp-content\/uploads\/2023\/06\/DSC_0023-700x1052.jpg 700w, https:\/\/ovocinarhrehor.sk\/wp-content\/uploads\/2023\/06\/DSC_0023-scaled.jpg 1703w\" sizes=\"(max-width: 497px) 100vw, 497px\" \/> <img decoding=\"async\" loading=\"lazy\" class=\"alignnone  wp-image-34984\" src=\"https:\/\/ovocinarhrehor.sk\/wp-content\/uploads\/2023\/06\/DSC_0024-300x199.jpg\" alt=\"\" width=\"724\" height=\"480\" srcset=\"https:\/\/ovocinarhrehor.sk\/wp-content\/uploads\/2023\/06\/DSC_0024-300x199.jpg 300w, https:\/\/ovocinarhrehor.sk\/wp-content\/uploads\/2023\/06\/DSC_0024-1030x685.jpg 1030w, https:\/\/ovocinarhrehor.sk\/wp-content\/uploads\/2023\/06\/DSC_0024-1536x1021.jpg 1536w, https:\/\/ovocinarhrehor.sk\/wp-content\/uploads\/2023\/06\/DSC_0024-2048x1362.jpg 2048w, https:\/\/ovocinarhrehor.sk\/wp-content\/uploads\/2023\/06\/DSC_0024-1500x997.jpg 1500w, https:\/\/ovocinarhrehor.sk\/wp-content\/uploads\/2023\/06\/DSC_0024-450x299.jpg 450w, https:\/\/ovocinarhrehor.sk\/wp-content\/uploads\/2023\/06\/DSC_0024-500x332.jpg 500w, https:\/\/ovocinarhrehor.sk\/wp-content\/uploads\/2023\/06\/DSC_0024-700x465.jpg 700w\" sizes=\"(max-width: 724px) 100vw, 724px\" \/> <img decoding=\"async\" loading=\"lazy\" class=\"alignnone  wp-image-34986\" src=\"https:\/\/ovocinarhrehor.sk\/wp-content\/uploads\/2023\/06\/DSC_0021-200x300.jpg\" alt=\"\" width=\"497\" height=\"746\" srcset=\"https:\/\/ovocinarhrehor.sk\/wp-content\/uploads\/2023\/06\/DSC_0021-200x300.jpg 200w, https:\/\/ovocinarhrehor.sk\/wp-content\/uploads\/2023\/06\/DSC_0021-685x1030.jpg 685w, https:\/\/ovocinarhrehor.sk\/wp-content\/uploads\/2023\/06\/DSC_0021-768x1154.jpg 768w, https:\/\/ovocinarhrehor.sk\/wp-content\/uploads\/2023\/06\/DSC_0021-1022x1536.jpg 1022w, https:\/\/ovocinarhrehor.sk\/wp-content\/uploads\/2023\/06\/DSC_0021-1363x2048.jpg 1363w, https:\/\/ovocinarhrehor.sk\/wp-content\/uploads\/2023\/06\/DSC_0021-998x1500.jpg 998w, https:\/\/ovocinarhrehor.sk\/wp-content\/uploads\/2023\/06\/DSC_0021-469x705.jpg 469w, https:\/\/ovocinarhrehor.sk\/wp-content\/uploads\/2023\/06\/DSC_0021-450x676.jpg 450w, https:\/\/ovocinarhrehor.sk\/wp-content\/uploads\/2023\/06\/DSC_0021-500x751.jpg 500w, https:\/\/ovocinarhrehor.sk\/wp-content\/uploads\/2023\/06\/DSC_0021-700x1052.jpg 700w, https:\/\/ovocinarhrehor.sk\/wp-content\/uploads\/2023\/06\/DSC_0021-scaled.jpg 1703w\" sizes=\"(max-width: 497px) 100vw, 497px\" \/><\/p>\n","protected":false},"excerpt":{"rendered":"<h1 class=\"product_title entry-title\"><\/h1>\n<div class=\"woocommerce-product-details__short-description\"><strong>r. 2022, 0,75l semi-sweet<\/strong><\/p>\n<div dir=\"auto\"><strong>Alc. \u00a015,7 Total acids\u00a0 14,2 Sugars\u00a0 \u00a033,3<\/strong><\/div>\n<div dir=\"auto\">The color is rich, dark ruby. The aroma is full of wild berries and currants, with a hint of dark chocolate. Fruity taste with spicy acidity and decent tannins, dark berry forest fruits with a dominance of currants and raspberries, in the end with a hint of bitter chocolate and roasted coffee. Suitable for vegans. <strong>Author of the drawing: Kl\u00e1ra J\u00edlkov\u00e1, r. 2023 Dedicated to Mother Earth<\/strong><br \/>\n<strong>Gold medal 7th All-Slovak wine exhibition with international participation in Skalica 2023 Gold medal Regional wine exhibition Rado\u0161ovce 2023<\/strong><\/div>\n<\/div>\n","protected":false},"featured_media":34979,"template":"","meta":[],"product_cat":[251],"product_tag":[],"_links":{"self":[{"href":"https:\/\/ovocinarhrehor.sk\/en\/wp-json\/wp\/v2\/product\/35190"}],"collection":[{"href":"https:\/\/ovocinarhrehor.sk\/en\/wp-json\/wp\/v2\/product"}],"about":[{"href":"https:\/\/ovocinarhrehor.sk\/en\/wp-json\/wp\/v2\/types\/product"}],"wp:featuredmedia":[{"embeddable":true,"href":"https:\/\/ovocinarhrehor.sk\/en\/wp-json\/wp\/v2\/media\/34979"}],"wp:attachment":[{"href":"https:\/\/ovocinarhrehor.sk\/en\/wp-json\/wp\/v2\/media?parent=35190"}],"wp:term":[{"taxonomy":"product_cat","embeddable":true,"href":"https:\/\/ovocinarhrehor.sk\/en\/wp-json\/wp\/v2\/product_cat?post=35190"},{"taxonomy":"product_tag","embeddable":true,"href":"https:\/\/ovocinarhrehor.sk\/en\/wp-json\/wp\/v2\/product_tag?post=35190"}],"curies":[{"name":"wp","href":"https:\/\/api.w.org\/{rel}","templated":true}]}}