{"id":38391,"date":"2026-01-28T13:00:28","date_gmt":"2026-01-28T12:00:28","guid":{"rendered":"https:\/\/ovocinarhrehor.sk\/?post_type=product&#038;p=38391"},"modified":"2026-02-03T21:59:14","modified_gmt":"2026-02-03T20:59:14","slug":"from-serviceberry-spring-vintage-2024","status":"publish","type":"product","link":"https:\/\/ovocinarhrehor.sk\/en\/product\/from-serviceberry-spring-vintage-2024\/","title":{"rendered":"From serviceberry \u201eSpring\u201c, vintage 2024"},"content":{"rendered":"<p><strong>Color:<\/strong> svetlo tehlovo \u010derven\u00e1, a\u017e pomaran\u010dov\u00e1<br \/>\n<strong>Aroma<\/strong>: tones of forest strawberries, freshly peeled oranges and vanilla pods<br \/>\n<strong>Taste<\/strong>: full and harmonic, with hints of forest strawberries and cranberries<\/p>\n<p>Made from the fruits of serviceberry, also called &#8220;Alaskan blueberry&#8221; (lat. Amelanchier).<br \/>\nSuitable for vegans<\/p>\n<p><strong>Author of the painting: Alfons Mucha, &#8220;Spring&#8221;, 1898<\/strong><\/p>\n","protected":false},"excerpt":{"rendered":"<p><strong>Vintage<\/strong> 2024<br \/>\n0,75 l<br \/>\nSweet<br \/>\nAlc.: 13,6 %<br \/>\nAcidity: 7,9 g\/l<br \/>\nSugars 53,1 g\/l<br \/>\nContains sulfites<\/p>\n","protected":false},"featured_media":36671,"template":"","meta":[],"product_cat":[258,260],"product_tag":[],"_links":{"self":[{"href":"https:\/\/ovocinarhrehor.sk\/en\/wp-json\/wp\/v2\/product\/38391"}],"collection":[{"href":"https:\/\/ovocinarhrehor.sk\/en\/wp-json\/wp\/v2\/product"}],"about":[{"href":"https:\/\/ovocinarhrehor.sk\/en\/wp-json\/wp\/v2\/types\/product"}],"wp:featuredmedia":[{"embeddable":true,"href":"https:\/\/ovocinarhrehor.sk\/en\/wp-json\/wp\/v2\/media\/36671"}],"wp:attachment":[{"href":"https:\/\/ovocinarhrehor.sk\/en\/wp-json\/wp\/v2\/media?parent=38391"}],"wp:term":[{"taxonomy":"product_cat","embeddable":true,"href":"https:\/\/ovocinarhrehor.sk\/en\/wp-json\/wp\/v2\/product_cat?post=38391"},{"taxonomy":"product_tag","embeddable":true,"href":"https:\/\/ovocinarhrehor.sk\/en\/wp-json\/wp\/v2\/product_tag?post=38391"}],"curies":[{"name":"wp","href":"https:\/\/api.w.org\/{rel}","templated":true}]}}